{"id":109,"date":"2026-02-03T19:05:29","date_gmt":"2026-02-03T19:05:29","guid":{"rendered":"https:\/\/dyc.hostingpruebaspearl.com\/?page_id=109"},"modified":"2026-02-10T19:21:43","modified_gmt":"2026-02-10T19:21:43","slug":"servicios","status":"publish","type":"page","link":"https:\/\/dyc.hostingpruebaspearl.com\/en\/servicios\/","title":{"rendered":"Services"},"content":{"rendered":"<div data-elementor-type=\"wp-page\" data-elementor-id=\"109\" class=\"elementor elementor-109\" data-elementor-post-type=\"page\">\n\t\t\t\t<div class=\"elementor-element elementor-element-b750281 e-flex e-con-boxed e-con e-parent\" data-id=\"b750281\" data-element_type=\"container\" data-e-type=\"container\" data-settings=\"{&quot;background_background&quot;:&quot;classic&quot;}\">\n\t\t\t\t\t<div class=\"e-con-inner\">\n\t\t\t\t<div class=\"elementor-element elementor-element-638baad elementor-widget elementor-widget-heading\" data-id=\"638baad\" data-element_type=\"widget\" data-e-type=\"widget\" data-widget_type=\"heading.default\">\n\t\t\t\t\t<h1 class=\"elementor-heading-title elementor-size-default\">Services<\/h1>\t\t\t\t<\/div>\n\t\t\t\t<div class=\"elementor-element elementor-element-809897e elementor-widget elementor-widget-text-editor\" data-id=\"809897e\" data-element_type=\"widget\" data-e-type=\"widget\" data-widget_type=\"text-editor.default\">\n\t\t\t\t\t\t\t\t\t<p>Home &#8211; Servicios<\/p>\t\t\t\t\t\t\t\t<\/div>\n\t\t\t\t\t<\/div>\n\t\t\t\t<\/div>\n\t\t<div class=\"elementor-element elementor-element-9633425 e-flex e-con-boxed e-con e-parent\" data-id=\"9633425\" data-element_type=\"container\" data-e-type=\"container\" data-settings=\"{&quot;background_background&quot;:&quot;classic&quot;}\">\n\t\t\t\t\t<div class=\"e-con-inner\">\n\t\t<div class=\"elementor-element elementor-element-e6cff34 e-con-full e-flex e-con e-child\" data-id=\"e6cff34\" data-element_type=\"container\" data-e-type=\"container\">\n\t\t<div class=\"elementor-element elementor-element-f584bd4 e-con-full e-flex e-con e-child\" data-id=\"f584bd4\" data-element_type=\"container\" data-e-type=\"container\">\n\t\t<div class=\"elementor-element elementor-element-e15e3a9 e-con-full e-flex e-con e-child\" data-id=\"e15e3a9\" data-element_type=\"container\" data-e-type=\"container\">\n\t\t\t\t<div class=\"elementor-element elementor-element-b5132a7 animated-slow elementor-invisible elementor-widget elementor-widget-heading\" data-id=\"b5132a7\" data-element_type=\"widget\" data-e-type=\"widget\" data-settings=\"{&quot;_animation&quot;:&quot;slideInLeft&quot;}\" data-widget_type=\"heading.default\">\n\t\t\t\t\t<h5 class=\"elementor-heading-title elementor-size-default\">Services<\/h5>\t\t\t\t<\/div>\n\t\t\t\t<\/div>\n\t\t\t\t<div class=\"elementor-element elementor-element-4f216ef elementor-widget__width-initial elementor-invisible elementor-widget elementor-widget-heading\" data-id=\"4f216ef\" data-element_type=\"widget\" data-e-type=\"widget\" data-settings=\"{&quot;_animation&quot;:&quot;slideInLeft&quot;}\" data-widget_type=\"heading.default\">\n\t\t\t\t\t<h2 class=\"elementor-heading-title elementor-size-default\">Digital Solutions for Businesses<\/h2>\t\t\t\t<\/div>\n\t\t\t\t<\/div>\n\t\t<div class=\"elementor-element elementor-element-7bde164 e-con-full e-flex e-con e-child\" data-id=\"7bde164\" data-element_type=\"container\" data-e-type=\"container\">\n\t\t\t\t<div class=\"elementor-element elementor-element-a4c2d70 elementor-invisible elementor-widget elementor-widget-text-editor\" data-id=\"a4c2d70\" data-element_type=\"widget\" data-e-type=\"widget\" data-settings=\"{&quot;_animation&quot;:&quot;slideInLeft&quot;}\" data-widget_type=\"text-editor.default\">\n\t\t\t\t\t\t\t\t\t<p data-start=\"478\" data-end=\"618\">We help companies optimize processes, make better decisions, and scale their business through specialized technological solutions.<\/p>\t\t\t\t\t\t\t\t<\/div>\n\t\t\t\t<\/div>\n\t\t\t\t<\/div>\n\t\t<div class=\"elementor-element elementor-element-6e2bda6 e-con-full e-flex e-con e-child\" data-id=\"6e2bda6\" data-element_type=\"container\" data-e-type=\"container\">\n\t\t<div class=\"elementor-element elementor-element-e51f081 e-con-full e-transform e-flex elementor-invisible e-con e-child\" data-id=\"e51f081\" data-element_type=\"container\" data-e-type=\"container\" data-settings=\"{&quot;animation&quot;:&quot;slideInUp&quot;,&quot;background_background&quot;:&quot;classic&quot;,&quot;_transform_scale_effect_hover&quot;:{&quot;unit&quot;:&quot;px&quot;,&quot;size&quot;:0.95,&quot;sizes&quot;:[]},&quot;_transform_scale_effect_hover_tablet&quot;:{&quot;unit&quot;:&quot;px&quot;,&quot;size&quot;:&quot;&quot;,&quot;sizes&quot;:[]},&quot;_transform_scale_effect_hover_mobile&quot;:{&quot;unit&quot;:&quot;px&quot;,&quot;size&quot;:&quot;&quot;,&quot;sizes&quot;:[]}}\">\n\t\t\t\t<div class=\"elementor-element elementor-element-7603c9f elementor-position-top elementor-widget elementor-widget-image-box\" data-id=\"7603c9f\" data-element_type=\"widget\" data-e-type=\"widget\" data-widget_type=\"image-box.default\">\n\t\t\t\t\t<div class=\"elementor-image-box-wrapper\"><figure class=\"elementor-image-box-img\"><a href=\"https:\/\/dyc.hostingpruebaspearl.com\/en\/gobernanza-y-gestion-de-proyectos\/\" tabindex=\"-1\"><img fetchpriority=\"high\" decoding=\"async\" width=\"256\" height=\"256\" src=\"https:\/\/dyc.hostingpruebaspearl.com\/wp-content\/uploads\/2026\/02\/quantitative.png\" class=\"attachment-full size-full wp-image-702\" alt=\"\" srcset=\"https:\/\/dyc.hostingpruebaspearl.com\/wp-content\/uploads\/2026\/02\/quantitative.png 256w, https:\/\/dyc.hostingpruebaspearl.com\/wp-content\/uploads\/2026\/02\/quantitative-150x150.png 150w\" sizes=\"(max-width: 256px) 100vw, 256px\" \/><\/a><\/figure><div class=\"elementor-image-box-content\"><h4 class=\"elementor-image-box-title\"><a href=\"https:\/\/dyc.hostingpruebaspearl.com\/en\/gobernanza-y-gestion-de-proyectos\/\">Governance and Project Management<\/a><\/h4><p class=\"elementor-image-box-description\">Control and execution of projects aligned with strategic objectives.<\/p><\/div><\/div>\t\t\t\t<\/div>\n\t\t\t\t<div class=\"elementor-element elementor-element-073c26f elementor-widget elementor-widget-button\" data-id=\"073c26f\" data-element_type=\"widget\" data-e-type=\"widget\" data-widget_type=\"button.default\">\n\t\t\t\t\t\t\t\t\t\t<a class=\"elementor-button elementor-button-link elementor-size-sm\" href=\"https:\/\/dyc.hostingpruebaspearl.com\/en\/gobernanza-y-gestion-de-proyectos\/\">\n\t\t\t\t\t\t<span class=\"elementor-button-content-wrapper\">\n\t\t\t\t\t\t<span class=\"elementor-button-icon\">\n\t\t\t\t<svg aria-hidden=\"true\" class=\"e-font-icon-svg e-fas-arrow-right\" viewbox=\"0 0 448 512\" xmlns=\"http:\/\/www.w3.org\/2000\/svg\"><path d=\"M190.5 66.9l22.2-22.2c9.4-9.4 24.6-9.4 33.9 0L441 239c9.4 9.4 9.4 24.6 0 33.9L246.6 467.3c-9.4 9.4-24.6 9.4-33.9 0l-22.2-22.2c-9.5-9.5-9.3-25 .4-34.3L311.4 296H24c-13.3 0-24-10.7-24-24v-32c0-13.3 10.7-24 24-24h287.4L190.9 101.2c-9.8-9.3-10-24.8-.4-34.3z\"><\/path><\/svg>\t\t\t<\/span>\n\t\t\t\t\t\t\t\t\t<span class=\"elementor-button-text\">Learn more<\/span>\n\t\t\t\t\t<\/span>\n\t\t\t\t\t<\/a>\n\t\t\t\t\t\t\t\t<\/div>\n\t\t\t\t<\/div>\n\t\t<div class=\"elementor-element elementor-element-58e9f80 e-con-full e-transform e-flex elementor-invisible e-con e-child\" data-id=\"58e9f80\" data-element_type=\"container\" data-e-type=\"container\" data-settings=\"{&quot;background_background&quot;:&quot;classic&quot;,&quot;animation&quot;:&quot;slideInUp&quot;,&quot;_transform_scale_effect_hover&quot;:{&quot;unit&quot;:&quot;px&quot;,&quot;size&quot;:0.95,&quot;sizes&quot;:[]},&quot;_transform_scale_effect_hover_tablet&quot;:{&quot;unit&quot;:&quot;px&quot;,&quot;size&quot;:&quot;&quot;,&quot;sizes&quot;:[]},&quot;_transform_scale_effect_hover_mobile&quot;:{&quot;unit&quot;:&quot;px&quot;,&quot;size&quot;:&quot;&quot;,&quot;sizes&quot;:[]}}\">\n\t\t\t\t<div class=\"elementor-element elementor-element-f6ef9b0 elementor-position-top elementor-widget elementor-widget-image-box\" data-id=\"f6ef9b0\" data-element_type=\"widget\" data-e-type=\"widget\" data-widget_type=\"image-box.default\">\n\t\t\t\t\t<div class=\"elementor-image-box-wrapper\"><figure class=\"elementor-image-box-img\"><a href=\"https:\/\/dyc.hostingpruebaspearl.com\/en\/staffing-especializado\/\" tabindex=\"-1\"><img decoding=\"async\" width=\"256\" height=\"256\" src=\"https:\/\/dyc.hostingpruebaspearl.com\/wp-content\/uploads\/2026\/02\/teamwork.png\" class=\"attachment-full size-full wp-image-706\" alt=\"\" srcset=\"https:\/\/dyc.hostingpruebaspearl.com\/wp-content\/uploads\/2026\/02\/teamwork.png 256w, https:\/\/dyc.hostingpruebaspearl.com\/wp-content\/uploads\/2026\/02\/teamwork-150x150.png 150w\" sizes=\"(max-width: 256px) 100vw, 256px\" \/><\/a><\/figure><div class=\"elementor-image-box-content\"><h4 class=\"elementor-image-box-title\"><a href=\"https:\/\/dyc.hostingpruebaspearl.com\/en\/staffing-especializado\/\">Specialized Staffing<\/a><\/h4><p class=\"elementor-image-box-description\">Expert technology talent for temporary or permanent projects.<\/p><\/div><\/div>\t\t\t\t<\/div>\n\t\t\t\t<div class=\"elementor-element elementor-element-11d8f8f elementor-widget elementor-widget-button\" data-id=\"11d8f8f\" data-element_type=\"widget\" data-e-type=\"widget\" data-widget_type=\"button.default\">\n\t\t\t\t\t\t\t\t\t\t<a class=\"elementor-button elementor-size-sm\" role=\"button\">\n\t\t\t\t\t\t<span class=\"elementor-button-content-wrapper\">\n\t\t\t\t\t\t<span class=\"elementor-button-icon\">\n\t\t\t\t<svg aria-hidden=\"true\" class=\"e-font-icon-svg e-fas-arrow-right\" viewbox=\"0 0 448 512\" xmlns=\"http:\/\/www.w3.org\/2000\/svg\"><path d=\"M190.5 66.9l22.2-22.2c9.4-9.4 24.6-9.4 33.9 0L441 239c9.4 9.4 9.4 24.6 0 33.9L246.6 467.3c-9.4 9.4-24.6 9.4-33.9 0l-22.2-22.2c-9.5-9.5-9.3-25 .4-34.3L311.4 296H24c-13.3 0-24-10.7-24-24v-32c0-13.3 10.7-24 24-24h287.4L190.9 101.2c-9.8-9.3-10-24.8-.4-34.3z\"><\/path><\/svg>\t\t\t<\/span>\n\t\t\t\t\t\t\t\t\t<span class=\"elementor-button-text\">Learn more<\/span>\n\t\t\t\t\t<\/span>\n\t\t\t\t\t<\/a>\n\t\t\t\t\t\t\t\t<\/div>\n\t\t\t\t<\/div>\n\t\t\t\t<\/div>\n\t\t\t\t\t<\/div>\n\t\t\t\t<\/div>\n\t\t\t\t<\/div>","protected":false},"excerpt":{"rendered":"<p>Servicios Home &#8211; Servicios Servicios Soluciones Digitales para Empresas Ayudamos a las empresas a optimizar procesos, tomar mejores decisiones y escalar su negocio mediante soluciones tecnol\u00f3gicas especializadas. Gobernanza y Gesti\u00f3n de Proyectos Control y ejecuci\u00f3n de proyectos alineados a objetivos estrat\u00e9gicos. Saber m\u00e1s Staffing Especializado Talento tecnol\u00f3gico experto para proyectos temporales o permanentes. Saber m\u00e1s<\/p>","protected":false},"author":1,"featured_media":0,"parent":0,"menu_order":0,"comment_status":"closed","ping_status":"closed","template":"","meta":{"_joinchat":[],"footnotes":""},"class_list":["post-109","page","type-page","status-publish","hentry"],"yoast_head":"<!-- This site is optimized with the Yoast SEO plugin v26.9 - https:\/\/yoast.com\/product\/yoast-seo-wordpress\/ -->\n<title>Servicios - D&amp;C Solutions<\/title>\n<meta name=\"robots\" content=\"index, follow, max-snippet:-1, max-image-preview:large, max-video-preview:-1\" \/>\n<link rel=\"canonical\" href=\"https:\/\/dyc.hostingpruebaspearl.com\/en\/servicios\/\" \/>\n<meta property=\"og:locale\" content=\"en_US\" \/>\n<meta property=\"og:type\" content=\"article\" \/>\n<meta property=\"og:title\" content=\"Servicios - D&amp;C Solutions\" \/>\n<meta property=\"og:description\" content=\"Servicios Home &#8211; Servicios Servicios Soluciones Digitales para Empresas Ayudamos a las empresas a optimizar procesos, tomar mejores decisiones y escalar su negocio mediante soluciones tecnol\u00f3gicas especializadas. Gobernanza y Gesti\u00f3n de Proyectos Control y ejecuci\u00f3n de proyectos alineados a objetivos estrat\u00e9gicos. Saber m\u00e1s Staffing Especializado Talento tecnol\u00f3gico experto para proyectos temporales o permanentes. Saber m\u00e1s\" \/>\n<meta property=\"og:url\" content=\"https:\/\/dyc.hostingpruebaspearl.com\/en\/servicios\/\" \/>\n<meta property=\"og:site_name\" content=\"D&amp;C Solutions\" \/>\n<meta property=\"article:modified_time\" content=\"2026-02-10T19:21:43+00:00\" \/>\n<meta property=\"og:image\" content=\"https:\/\/dyc.hostingpruebaspearl.com\/wp-content\/uploads\/2026\/02\/quantitative.png\" \/>\n<meta name=\"twitter:card\" content=\"summary_large_image\" \/>\n<meta name=\"twitter:label1\" content=\"Est. reading time\" \/>\n\t<meta name=\"twitter:data1\" content=\"1 minute\" \/>\n<script type=\"application\/ld+json\" class=\"yoast-schema-graph\">{\"@context\":\"https:\/\/schema.org\",\"@graph\":[{\"@type\":\"WebPage\",\"@id\":\"https:\/\/dyc.hostingpruebaspearl.com\/servicios\/\",\"url\":\"https:\/\/dyc.hostingpruebaspearl.com\/servicios\/\",\"name\":\"Servicios - D&amp;C Solutions\",\"isPartOf\":{\"@id\":\"https:\/\/dyc.hostingpruebaspearl.com\/#website\"},\"primaryImageOfPage\":{\"@id\":\"https:\/\/dyc.hostingpruebaspearl.com\/servicios\/#primaryimage\"},\"image\":{\"@id\":\"https:\/\/dyc.hostingpruebaspearl.com\/servicios\/#primaryimage\"},\"thumbnailUrl\":\"https:\/\/dyc.hostingpruebaspearl.com\/wp-content\/uploads\/2026\/02\/quantitative.png\",\"datePublished\":\"2026-02-03T19:05:29+00:00\",\"dateModified\":\"2026-02-10T19:21:43+00:00\",\"breadcrumb\":{\"@id\":\"https:\/\/dyc.hostingpruebaspearl.com\/servicios\/#breadcrumb\"},\"inLanguage\":\"en-US\",\"potentialAction\":[{\"@type\":\"ReadAction\",\"target\":[\"https:\/\/dyc.hostingpruebaspearl.com\/servicios\/\"]}]},{\"@type\":\"ImageObject\",\"inLanguage\":\"en-US\",\"@id\":\"https:\/\/dyc.hostingpruebaspearl.com\/servicios\/#primaryimage\",\"url\":\"https:\/\/dyc.hostingpruebaspearl.com\/wp-content\/uploads\/2026\/02\/quantitative.png\",\"contentUrl\":\"https:\/\/dyc.hostingpruebaspearl.com\/wp-content\/uploads\/2026\/02\/quantitative.png\"},{\"@type\":\"BreadcrumbList\",\"@id\":\"https:\/\/dyc.hostingpruebaspearl.com\/servicios\/#breadcrumb\",\"itemListElement\":[{\"@type\":\"ListItem\",\"position\":1,\"name\":\"Home\",\"item\":\"https:\/\/dyc.hostingpruebaspearl.com\/\"},{\"@type\":\"ListItem\",\"position\":2,\"name\":\"Servicios\"}]},{\"@type\":\"WebSite\",\"@id\":\"https:\/\/dyc.hostingpruebaspearl.com\/#website\",\"url\":\"https:\/\/dyc.hostingpruebaspearl.com\/\",\"name\":\"D&amp;C Solutions\",\"description\":\"Consultor\u00eda especializada en transformaci\u00f3n digital\",\"publisher\":{\"@id\":\"https:\/\/dyc.hostingpruebaspearl.com\/#organization\"},\"potentialAction\":[{\"@type\":\"SearchAction\",\"target\":{\"@type\":\"EntryPoint\",\"urlTemplate\":\"https:\/\/dyc.hostingpruebaspearl.com\/?s={search_term_string}\"},\"query-input\":{\"@type\":\"PropertyValueSpecification\",\"valueRequired\":true,\"valueName\":\"search_term_string\"}}],\"inLanguage\":\"en-US\"},{\"@type\":\"Organization\",\"@id\":\"https:\/\/dyc.hostingpruebaspearl.com\/#organization\",\"name\":\"D&amp;C Solutions\",\"url\":\"https:\/\/dyc.hostingpruebaspearl.com\/\",\"logo\":{\"@type\":\"ImageObject\",\"inLanguage\":\"en-US\",\"@id\":\"https:\/\/dyc.hostingpruebaspearl.com\/#\/schema\/logo\/image\/\",\"url\":\"https:\/\/dyc.hostingpruebaspearl.com\/wp-content\/uploads\/2026\/02\/Logo-v2-scaled.webp\",\"contentUrl\":\"https:\/\/dyc.hostingpruebaspearl.com\/wp-content\/uploads\/2026\/02\/Logo-v2-scaled.webp\",\"width\":2560,\"height\":493,\"caption\":\"D&amp;C Solutions\"},\"image\":{\"@id\":\"https:\/\/dyc.hostingpruebaspearl.com\/#\/schema\/logo\/image\/\"}}]}<\/script>\n<!-- \/ Yoast SEO plugin. -->","yoast_head_json":{"title":"Servicios - D&amp;C Solutions","robots":{"index":"index","follow":"follow","max-snippet":"max-snippet:-1","max-image-preview":"max-image-preview:large","max-video-preview":"max-video-preview:-1"},"canonical":"https:\/\/dyc.hostingpruebaspearl.com\/en\/servicios\/","og_locale":"en_US","og_type":"article","og_title":"Servicios - D&amp;C Solutions","og_description":"Servicios Home &#8211; Servicios Servicios Soluciones Digitales para Empresas Ayudamos a las empresas a optimizar procesos, tomar mejores decisiones y escalar su negocio mediante soluciones tecnol\u00f3gicas especializadas. Gobernanza y Gesti\u00f3n de Proyectos Control y ejecuci\u00f3n de proyectos alineados a objetivos estrat\u00e9gicos. Saber m\u00e1s Staffing Especializado Talento tecnol\u00f3gico experto para proyectos temporales o permanentes. Saber m\u00e1s","og_url":"https:\/\/dyc.hostingpruebaspearl.com\/en\/servicios\/","og_site_name":"D&amp;C Solutions","article_modified_time":"2026-02-10T19:21:43+00:00","og_image":[{"url":"https:\/\/dyc.hostingpruebaspearl.com\/wp-content\/uploads\/2026\/02\/quantitative.png","type":"","width":"","height":""}],"twitter_card":"summary_large_image","twitter_misc":{"Est. reading time":"1 minute"},"schema":{"@context":"https:\/\/schema.org","@graph":[{"@type":"WebPage","@id":"https:\/\/dyc.hostingpruebaspearl.com\/servicios\/","url":"https:\/\/dyc.hostingpruebaspearl.com\/servicios\/","name":"Servicios - D&amp;C Solutions","isPartOf":{"@id":"https:\/\/dyc.hostingpruebaspearl.com\/#website"},"primaryImageOfPage":{"@id":"https:\/\/dyc.hostingpruebaspearl.com\/servicios\/#primaryimage"},"image":{"@id":"https:\/\/dyc.hostingpruebaspearl.com\/servicios\/#primaryimage"},"thumbnailUrl":"https:\/\/dyc.hostingpruebaspearl.com\/wp-content\/uploads\/2026\/02\/quantitative.png","datePublished":"2026-02-03T19:05:29+00:00","dateModified":"2026-02-10T19:21:43+00:00","breadcrumb":{"@id":"https:\/\/dyc.hostingpruebaspearl.com\/servicios\/#breadcrumb"},"inLanguage":"en-US","potentialAction":[{"@type":"ReadAction","target":["https:\/\/dyc.hostingpruebaspearl.com\/servicios\/"]}]},{"@type":"ImageObject","inLanguage":"en-US","@id":"https:\/\/dyc.hostingpruebaspearl.com\/servicios\/#primaryimage","url":"https:\/\/dyc.hostingpruebaspearl.com\/wp-content\/uploads\/2026\/02\/quantitative.png","contentUrl":"https:\/\/dyc.hostingpruebaspearl.com\/wp-content\/uploads\/2026\/02\/quantitative.png"},{"@type":"BreadcrumbList","@id":"https:\/\/dyc.hostingpruebaspearl.com\/servicios\/#breadcrumb","itemListElement":[{"@type":"ListItem","position":1,"name":"Home","item":"https:\/\/dyc.hostingpruebaspearl.com\/"},{"@type":"ListItem","position":2,"name":"Servicios"}]},{"@type":"WebSite","@id":"https:\/\/dyc.hostingpruebaspearl.com\/#website","url":"https:\/\/dyc.hostingpruebaspearl.com\/","name":"D&amp;C Solutions","description":"Consultor\u00eda especializada en transformaci\u00f3n digital","publisher":{"@id":"https:\/\/dyc.hostingpruebaspearl.com\/#organization"},"potentialAction":[{"@type":"SearchAction","target":{"@type":"EntryPoint","urlTemplate":"https:\/\/dyc.hostingpruebaspearl.com\/?s={search_term_string}"},"query-input":{"@type":"PropertyValueSpecification","valueRequired":true,"valueName":"search_term_string"}}],"inLanguage":"en-US"},{"@type":"Organization","@id":"https:\/\/dyc.hostingpruebaspearl.com\/#organization","name":"D&amp;C Solutions","url":"https:\/\/dyc.hostingpruebaspearl.com\/","logo":{"@type":"ImageObject","inLanguage":"en-US","@id":"https:\/\/dyc.hostingpruebaspearl.com\/#\/schema\/logo\/image\/","url":"https:\/\/dyc.hostingpruebaspearl.com\/wp-content\/uploads\/2026\/02\/Logo-v2-scaled.webp","contentUrl":"https:\/\/dyc.hostingpruebaspearl.com\/wp-content\/uploads\/2026\/02\/Logo-v2-scaled.webp","width":2560,"height":493,"caption":"D&amp;C Solutions"},"image":{"@id":"https:\/\/dyc.hostingpruebaspearl.com\/#\/schema\/logo\/image\/"}}]}},"_links":{"self":[{"href":"https:\/\/dyc.hostingpruebaspearl.com\/en\/wp-json\/wp\/v2\/pages\/109","targetHints":{"allow":["GET"]}}],"collection":[{"href":"https:\/\/dyc.hostingpruebaspearl.com\/en\/wp-json\/wp\/v2\/pages"}],"about":[{"href":"https:\/\/dyc.hostingpruebaspearl.com\/en\/wp-json\/wp\/v2\/types\/page"}],"author":[{"embeddable":true,"href":"https:\/\/dyc.hostingpruebaspearl.com\/en\/wp-json\/wp\/v2\/users\/1"}],"replies":[{"embeddable":true,"href":"https:\/\/dyc.hostingpruebaspearl.com\/en\/wp-json\/wp\/v2\/comments?post=109"}],"version-history":[{"count":13,"href":"https:\/\/dyc.hostingpruebaspearl.com\/en\/wp-json\/wp\/v2\/pages\/109\/revisions"}],"predecessor-version":[{"id":728,"href":"https:\/\/dyc.hostingpruebaspearl.com\/en\/wp-json\/wp\/v2\/pages\/109\/revisions\/728"}],"wp:attachment":[{"href":"https:\/\/dyc.hostingpruebaspearl.com\/en\/wp-json\/wp\/v2\/media?parent=109"}],"curies":[{"name":"wp","href":"https:\/\/api.w.org\/{rel}","templated":true}]}}