{"id":553,"date":"2026-02-04T19:51:20","date_gmt":"2026-02-04T19:51:20","guid":{"rendered":"https:\/\/dyc.hostingpruebaspearl.com\/?page_id=553"},"modified":"2026-02-04T20:00:24","modified_gmt":"2026-02-04T20:00:24","slug":"ciberseguridad","status":"publish","type":"page","link":"https:\/\/dyc.hostingpruebaspearl.com\/en\/ciberseguridad\/","title":{"rendered":"Ciberseguridad"},"content":{"rendered":"<div data-elementor-type=\"wp-page\" data-elementor-id=\"553\" class=\"elementor elementor-553\" data-elementor-post-type=\"page\">\n\t\t\t\t<div class=\"elementor-element elementor-element-7a0fd77f e-flex e-con-boxed e-con e-parent\" data-id=\"7a0fd77f\" data-element_type=\"container\" data-e-type=\"container\" data-settings=\"{&quot;background_background&quot;:&quot;classic&quot;}\">\n\t\t\t\t\t<div class=\"e-con-inner\">\n\t\t\t\t<div class=\"elementor-element elementor-element-4cb6a57d elementor-widget elementor-widget-heading\" data-id=\"4cb6a57d\" data-element_type=\"widget\" data-e-type=\"widget\" data-widget_type=\"heading.default\">\n\t\t\t\t\t<h1 class=\"elementor-heading-title elementor-size-default\">Ciberseguridad<\/h1>\t\t\t\t<\/div>\n\t\t\t\t<div class=\"elementor-element elementor-element-675bbb5f elementor-widget elementor-widget-text-editor\" data-id=\"675bbb5f\" data-element_type=\"widget\" data-e-type=\"widget\" data-widget_type=\"text-editor.default\">\n\t\t\t\t\t\t\t\t\t<p>Home &#8211; Ciberseguridad<\/p>\t\t\t\t\t\t\t\t<\/div>\n\t\t\t\t\t<\/div>\n\t\t\t\t<\/div>\n\t\t<div class=\"elementor-element elementor-element-18f5f2fe e-flex e-con-boxed e-con e-parent\" data-id=\"18f5f2fe\" data-element_type=\"container\" data-e-type=\"container\">\n\t\t\t\t\t<div class=\"e-con-inner\">\n\t\t<div class=\"elementor-element elementor-element-3ef3ba0f e-con-full e-flex e-con e-child\" data-id=\"3ef3ba0f\" data-element_type=\"container\" data-e-type=\"container\">\n\t\t\t\t<div class=\"elementor-element elementor-element-1771d32b elementor-invisible elementor-widget elementor-widget-image\" data-id=\"1771d32b\" data-element_type=\"widget\" data-e-type=\"widget\" data-settings=\"{&quot;_animation&quot;:&quot;slideInRight&quot;}\" data-widget_type=\"image.default\">\n\t\t\t\t\t\t\t\t\t\t\t\t\t\t\t<img fetchpriority=\"high\" decoding=\"async\" width=\"1000\" height=\"1000\" src=\"https:\/\/dyc.hostingpruebaspearl.com\/wp-content\/uploads\/2026\/02\/465.webp\" class=\"attachment-full size-full wp-image-662\" alt=\"\" srcset=\"https:\/\/dyc.hostingpruebaspearl.com\/wp-content\/uploads\/2026\/02\/465.webp 1000w, https:\/\/dyc.hostingpruebaspearl.com\/wp-content\/uploads\/2026\/02\/465-300x300.webp 300w, https:\/\/dyc.hostingpruebaspearl.com\/wp-content\/uploads\/2026\/02\/465-150x150.webp 150w, https:\/\/dyc.hostingpruebaspearl.com\/wp-content\/uploads\/2026\/02\/465-768x768.webp 768w\" sizes=\"(max-width: 1000px) 100vw, 1000px\" \/>\t\t\t\t\t\t\t\t\t\t\t\t\t\t\t<\/div>\n\t\t\t\t<\/div>\n\t\t<div class=\"elementor-element elementor-element-7d2bca3 e-con-full e-flex e-con e-child\" data-id=\"7d2bca3\" data-element_type=\"container\" data-e-type=\"container\">\n\t\t<div class=\"elementor-element elementor-element-341bb1c1 e-con-full e-flex e-con e-child\" data-id=\"341bb1c1\" data-element_type=\"container\" data-e-type=\"container\">\n\t\t\t\t<div class=\"elementor-element elementor-element-7598a6bc animated-slow elementor-invisible elementor-widget elementor-widget-heading\" data-id=\"7598a6bc\" data-element_type=\"widget\" data-e-type=\"widget\" data-settings=\"{&quot;_animation&quot;:&quot;slideInLeft&quot;}\" data-widget_type=\"heading.default\">\n\t\t\t\t\t<h5 class=\"elementor-heading-title elementor-size-default\">Ciberseguridad<\/h5>\t\t\t\t<\/div>\n\t\t\t\t<\/div>\n\t\t\t\t<div class=\"elementor-element elementor-element-5a1061ee elementor-invisible elementor-widget elementor-widget-heading\" data-id=\"5a1061ee\" data-element_type=\"widget\" data-e-type=\"widget\" data-settings=\"{&quot;_animation&quot;:&quot;slideInLeft&quot;}\" data-widget_type=\"heading.default\">\n\t\t\t\t\t<h2 class=\"elementor-heading-title elementor-size-default\">Protecci\u00f3n integral de tu informaci\u00f3n<\/h2>\t\t\t\t<\/div>\n\t\t\t\t<div class=\"elementor-element elementor-element-7f41faff elementor-widget elementor-widget-text-editor\" data-id=\"7f41faff\" data-element_type=\"widget\" data-e-type=\"widget\" data-widget_type=\"text-editor.default\">\n\t\t\t\t\t\t\t\t\t<p>Protegemos los sistemas y datos cr\u00edticos de tu organizaci\u00f3n mediante estrategias de ciberseguridad que previenen riesgos, garantizan continuidad operativa y fortalecen la confianza digital.<\/p>\t\t\t\t\t\t\t\t<\/div>\n\t\t\t\t<div class=\"elementor-element elementor-element-2a71ebe6 elementor-icon-list--layout-traditional elementor-list-item-link-full_width elementor-widget elementor-widget-icon-list\" data-id=\"2a71ebe6\" data-element_type=\"widget\" data-e-type=\"widget\" data-widget_type=\"icon-list.default\">\n\t\t\t\t\t\t\t<ul class=\"elementor-icon-list-items\">\n\t\t\t\t\t\t\t<li class=\"elementor-icon-list-item\">\n\t\t\t\t\t\t\t\t\t\t\t<span class=\"elementor-icon-list-icon\">\n\t\t\t\t\t\t\t<svg aria-hidden=\"true\" class=\"e-font-icon-svg e-fas-dot-circle\" viewbox=\"0 0 512 512\" xmlns=\"http:\/\/www.w3.org\/2000\/svg\"><path d=\"M256 8C119.033 8 8 119.033 8 256s111.033 248 248 248 248-111.033 248-248S392.967 8 256 8zm80 248c0 44.112-35.888 80-80 80s-80-35.888-80-80 35.888-80 80-80 80 35.888 80 80z\"><\/path><\/svg>\t\t\t\t\t\t<\/span>\n\t\t\t\t\t\t\t\t\t\t<span class=\"elementor-icon-list-text\">Seguridad integral<\/span>\n\t\t\t\t\t\t\t\t\t<\/li>\n\t\t\t\t\t\t\t\t<li class=\"elementor-icon-list-item\">\n\t\t\t\t\t\t\t\t\t\t\t<span class=\"elementor-icon-list-icon\">\n\t\t\t\t\t\t\t<svg aria-hidden=\"true\" class=\"e-font-icon-svg e-fas-dot-circle\" viewbox=\"0 0 512 512\" xmlns=\"http:\/\/www.w3.org\/2000\/svg\"><path d=\"M256 8C119.033 8 8 119.033 8 256s111.033 248 248 248 248-111.033 248-248S392.967 8 256 8zm80 248c0 44.112-35.888 80-80 80s-80-35.888-80-80 35.888-80 80-80 80 35.888 80 80z\"><\/path><\/svg>\t\t\t\t\t\t<\/span>\n\t\t\t\t\t\t\t\t\t\t<span class=\"elementor-icon-list-text\">Riesgos controlados<\/span>\n\t\t\t\t\t\t\t\t\t<\/li>\n\t\t\t\t\t\t<\/ul>\n\t\t\t\t\t\t<\/div>\n\t\t\t\t<\/div>\n\t\t\t\t\t<\/div>\n\t\t\t\t<\/div>\n\t\t<div class=\"elementor-element elementor-element-5ec08ff2 e-flex e-con-boxed e-con e-parent\" data-id=\"5ec08ff2\" data-element_type=\"container\" data-e-type=\"container\" data-settings=\"{&quot;background_background&quot;:&quot;classic&quot;}\">\n\t\t\t\t\t<div class=\"e-con-inner\">\n\t\t<div class=\"elementor-element elementor-element-cc9db9f e-flex e-con-boxed e-con e-child\" data-id=\"cc9db9f\" data-element_type=\"container\" data-e-type=\"container\" data-settings=\"{&quot;background_background&quot;:&quot;classic&quot;}\">\n\t\t\t\t\t<div class=\"e-con-inner\">\n\t\t<div class=\"elementor-element elementor-element-b190bf8 e-con-full e-flex e-con e-child\" data-id=\"b190bf8\" data-element_type=\"container\" data-e-type=\"container\">\n\t\t\t\t<div class=\"elementor-element elementor-element-7dbbdf48 elementor-widget__width-initial elementor-invisible elementor-widget elementor-widget-heading\" data-id=\"7dbbdf48\" data-element_type=\"widget\" data-e-type=\"widget\" data-settings=\"{&quot;_animation&quot;:&quot;slideInLeft&quot;}\" data-widget_type=\"heading.default\">\n\t\t\t\t\t<h2 class=\"elementor-heading-title elementor-size-default\">We're ready to help you.<\/h2>\t\t\t\t<\/div>\n\t\t\t\t<div class=\"elementor-element elementor-element-2d94536e elementor-invisible elementor-widget elementor-widget-text-editor\" data-id=\"2d94536e\" data-element_type=\"widget\" data-e-type=\"widget\" data-settings=\"{&quot;_animation&quot;:&quot;slideInLeft&quot;}\" data-widget_type=\"text-editor.default\">\n\t\t\t\t\t\t\t\t\t<p>Let's talk about your challenges and find the best digital solution.<\/p>\t\t\t\t\t\t\t\t<\/div>\n\t\t\t\t<div class=\"elementor-element elementor-element-39b07007 elementor-mobile-align-center elementor-invisible elementor-widget elementor-widget-button\" data-id=\"39b07007\" data-element_type=\"widget\" data-e-type=\"widget\" data-settings=\"{&quot;_animation&quot;:&quot;slideInLeft&quot;}\" data-widget_type=\"button.default\">\n\t\t\t\t\t\t\t\t\t\t<a class=\"elementor-button elementor-button-link elementor-size-sm\" href=\"https:\/\/dyc.hostingpruebaspearl.com\/en\/contacto\/\">\n\t\t\t\t\t\t<span class=\"elementor-button-content-wrapper\">\n\t\t\t\t\t\t\t\t\t<span class=\"elementor-button-text\">Contact<\/span>\n\t\t\t\t\t<\/span>\n\t\t\t\t\t<\/a>\n\t\t\t\t\t\t\t\t<\/div>\n\t\t\t\t<\/div>\n\t\t<div class=\"elementor-element elementor-element-7c43e00 e-con-full e-flex e-con e-child\" data-id=\"7c43e00\" data-element_type=\"container\" data-e-type=\"container\">\n\t\t\t\t<div class=\"elementor-element elementor-element-203860f3 elementor-widget elementor-widget-image\" data-id=\"203860f3\" data-element_type=\"widget\" data-e-type=\"widget\" data-widget_type=\"image.default\">\n\t\t\t\t\t\t\t\t\t\t\t\t\t\t\t<img decoding=\"async\" width=\"800\" height=\"602\" src=\"https:\/\/dyc.hostingpruebaspearl.com\/wp-content\/uploads\/2026\/02\/retrato-hombre-negocios-confiado-1024x771.webp\" class=\"attachment-large size-large wp-image-319\" alt=\"\" srcset=\"https:\/\/dyc.hostingpruebaspearl.com\/wp-content\/uploads\/2026\/02\/retrato-hombre-negocios-confiado-1024x771.webp 1024w, https:\/\/dyc.hostingpruebaspearl.com\/wp-content\/uploads\/2026\/02\/retrato-hombre-negocios-confiado-300x226.webp 300w, https:\/\/dyc.hostingpruebaspearl.com\/wp-content\/uploads\/2026\/02\/retrato-hombre-negocios-confiado-768x578.webp 768w, https:\/\/dyc.hostingpruebaspearl.com\/wp-content\/uploads\/2026\/02\/retrato-hombre-negocios-confiado-1536x1157.webp 1536w, https:\/\/dyc.hostingpruebaspearl.com\/wp-content\/uploads\/2026\/02\/retrato-hombre-negocios-confiado.webp 2000w\" sizes=\"(max-width: 800px) 100vw, 800px\" \/>\t\t\t\t\t\t\t\t\t\t\t\t\t\t\t<\/div>\n\t\t\t\t<\/div>\n\t\t\t\t\t<\/div>\n\t\t\t\t<\/div>\n\t\t\t\t\t<\/div>\n\t\t\t\t<\/div>\n\t\t<div class=\"elementor-element elementor-element-7508da0 e-flex e-con-boxed e-con e-parent\" data-id=\"7508da0\" data-element_type=\"container\" data-e-type=\"container\">\n\t\t\t\t\t<div class=\"e-con-inner\">\n\t\t<div class=\"elementor-element elementor-element-3f87ddbf e-con-full e-flex e-con e-child\" data-id=\"3f87ddbf\" data-element_type=\"container\" data-e-type=\"container\">\n\t\t<div class=\"elementor-element elementor-element-562484c7 e-con-full e-flex e-con e-child\" data-id=\"562484c7\" data-element_type=\"container\" data-e-type=\"container\">\n\t\t\t\t<div class=\"elementor-element elementor-element-695cc4b3 animated-slow elementor-invisible elementor-widget elementor-widget-heading\" data-id=\"695cc4b3\" data-element_type=\"widget\" data-e-type=\"widget\" data-settings=\"{&quot;_animation&quot;:&quot;slideInLeft&quot;}\" data-widget_type=\"heading.default\">\n\t\t\t\t\t<h5 class=\"elementor-heading-title elementor-size-default\">Ciberseguridad<\/h5>\t\t\t\t<\/div>\n\t\t\t\t<\/div>\n\t\t\t\t<div class=\"elementor-element elementor-element-42d40bb3 elementor-invisible elementor-widget elementor-widget-heading\" data-id=\"42d40bb3\" data-element_type=\"widget\" data-e-type=\"widget\" data-settings=\"{&quot;_animation&quot;:&quot;slideInLeft&quot;}\" data-widget_type=\"heading.default\">\n\t\t\t\t\t<h2 class=\"elementor-heading-title elementor-size-default\">Benefits for your organization<\/h2>\t\t\t\t<\/div>\n\t\t\t\t<div class=\"elementor-element elementor-element-7fc9c09a elementor-widget elementor-widget-text-editor\" data-id=\"7fc9c09a\" data-element_type=\"widget\" data-e-type=\"widget\" data-widget_type=\"text-editor.default\">\n\t\t\t\t\t\t\t\t\t<p>Ventajas clave para proteger activos tecnol\u00f3gicos y digitales.<\/p>\t\t\t\t\t\t\t\t<\/div>\n\t\t\t\t<div class=\"elementor-element elementor-element-368e594f elementor-icon-list--layout-traditional elementor-list-item-link-full_width elementor-widget elementor-widget-icon-list\" data-id=\"368e594f\" data-element_type=\"widget\" data-e-type=\"widget\" data-widget_type=\"icon-list.default\">\n\t\t\t\t\t\t\t<ul class=\"elementor-icon-list-items\">\n\t\t\t\t\t\t\t<li class=\"elementor-icon-list-item\">\n\t\t\t\t\t\t\t\t\t\t\t<span class=\"elementor-icon-list-icon\">\n\t\t\t\t\t\t\t<svg aria-hidden=\"true\" class=\"e-font-icon-svg e-fas-dot-circle\" viewbox=\"0 0 512 512\" xmlns=\"http:\/\/www.w3.org\/2000\/svg\"><path d=\"M256 8C119.033 8 8 119.033 8 256s111.033 248 248 248 248-111.033 248-248S392.967 8 256 8zm80 248c0 44.112-35.888 80-80 80s-80-35.888-80-80 35.888-80 80-80 80 35.888 80 80z\"><\/path><\/svg>\t\t\t\t\t\t<\/span>\n\t\t\t\t\t\t\t\t\t\t<span class=\"elementor-icon-list-text\">Protecci\u00f3n integral de informaci\u00f3n y sistemas<\/span>\n\t\t\t\t\t\t\t\t\t<\/li>\n\t\t\t\t\t\t\t\t<li class=\"elementor-icon-list-item\">\n\t\t\t\t\t\t\t\t\t\t\t<span class=\"elementor-icon-list-icon\">\n\t\t\t\t\t\t\t<svg aria-hidden=\"true\" class=\"e-font-icon-svg e-fas-dot-circle\" viewbox=\"0 0 512 512\" xmlns=\"http:\/\/www.w3.org\/2000\/svg\"><path d=\"M256 8C119.033 8 8 119.033 8 256s111.033 248 248 248 248-111.033 248-248S392.967 8 256 8zm80 248c0 44.112-35.888 80-80 80s-80-35.888-80-80 35.888-80 80-80 80 35.888 80 80z\"><\/path><\/svg>\t\t\t\t\t\t<\/span>\n\t\t\t\t\t\t\t\t\t\t<span class=\"elementor-icon-list-text\">Prevenci\u00f3n detecci\u00f3n y respuesta ante amenazas<\/span>\n\t\t\t\t\t\t\t\t\t<\/li>\n\t\t\t\t\t\t\t\t<li class=\"elementor-icon-list-item\">\n\t\t\t\t\t\t\t\t\t\t\t<span class=\"elementor-icon-list-icon\">\n\t\t\t\t\t\t\t<svg aria-hidden=\"true\" class=\"e-font-icon-svg e-fas-dot-circle\" viewbox=\"0 0 512 512\" xmlns=\"http:\/\/www.w3.org\/2000\/svg\"><path d=\"M256 8C119.033 8 8 119.033 8 256s111.033 248 248 248 248-111.033 248-248S392.967 8 256 8zm80 248c0 44.112-35.888 80-80 80s-80-35.888-80-80 35.888-80 80-80 80 35.888 80 80z\"><\/path><\/svg>\t\t\t\t\t\t<\/span>\n\t\t\t\t\t\t\t\t\t\t<span class=\"elementor-icon-list-text\">Cumplimiento normativo y gesti\u00f3n de riesgos<\/span>\n\t\t\t\t\t\t\t\t\t<\/li>\n\t\t\t\t\t\t\t\t<li class=\"elementor-icon-list-item\">\n\t\t\t\t\t\t\t\t\t\t\t<span class=\"elementor-icon-list-icon\">\n\t\t\t\t\t\t\t<svg aria-hidden=\"true\" class=\"e-font-icon-svg e-fas-dot-circle\" viewbox=\"0 0 512 512\" xmlns=\"http:\/\/www.w3.org\/2000\/svg\"><path d=\"M256 8C119.033 8 8 119.033 8 256s111.033 248 248 248 248-111.033 248-248S392.967 8 256 8zm80 248c0 44.112-35.888 80-80 80s-80-35.888-80-80 35.888-80 80-80 80 35.888 80 80z\"><\/path><\/svg>\t\t\t\t\t\t<\/span>\n\t\t\t\t\t\t\t\t\t\t<span class=\"elementor-icon-list-text\">Monitoreo continuo para entornos tecnol\u00f3gicos seguros<\/span>\n\t\t\t\t\t\t\t\t\t<\/li>\n\t\t\t\t\t\t\t\t<li class=\"elementor-icon-list-item\">\n\t\t\t\t\t\t\t\t\t\t\t<span class=\"elementor-icon-list-icon\">\n\t\t\t\t\t\t\t<svg aria-hidden=\"true\" class=\"e-font-icon-svg e-fas-dot-circle\" viewbox=\"0 0 512 512\" xmlns=\"http:\/\/www.w3.org\/2000\/svg\"><path d=\"M256 8C119.033 8 8 119.033 8 256s111.033 248 248 248 248-111.033 248-248S392.967 8 256 8zm80 248c0 44.112-35.888 80-80 80s-80-35.888-80-80 35.888-80 80-80 80 35.888 80 80z\"><\/path><\/svg>\t\t\t\t\t\t<\/span>\n\t\t\t\t\t\t\t\t\t\t<span class=\"elementor-icon-list-text\">Estrategias de seguridad alineadas al negocio<\/span>\n\t\t\t\t\t\t\t\t\t<\/li>\n\t\t\t\t\t\t<\/ul>\n\t\t\t\t\t\t<\/div>\n\t\t\t\t<\/div>\n\t\t<div class=\"elementor-element elementor-element-187b418e e-con-full e-flex e-con e-child\" data-id=\"187b418e\" data-element_type=\"container\" data-e-type=\"container\">\n\t\t\t\t<div class=\"elementor-element elementor-element-16a9d561 elementor-invisible elementor-widget elementor-widget-image\" data-id=\"16a9d561\" data-element_type=\"widget\" data-e-type=\"widget\" data-settings=\"{&quot;_animation&quot;:&quot;slideInRight&quot;}\" data-widget_type=\"image.default\">\n\t\t\t\t\t\t\t\t\t\t\t\t\t\t\t<img decoding=\"async\" width=\"1000\" height=\"1000\" src=\"https:\/\/dyc.hostingpruebaspearl.com\/wp-content\/uploads\/2026\/02\/224.webp\" class=\"attachment-full size-full wp-image-666\" alt=\"\" srcset=\"https:\/\/dyc.hostingpruebaspearl.com\/wp-content\/uploads\/2026\/02\/224.webp 1000w, https:\/\/dyc.hostingpruebaspearl.com\/wp-content\/uploads\/2026\/02\/224-300x300.webp 300w, https:\/\/dyc.hostingpruebaspearl.com\/wp-content\/uploads\/2026\/02\/224-150x150.webp 150w, https:\/\/dyc.hostingpruebaspearl.com\/wp-content\/uploads\/2026\/02\/224-768x768.webp 768w\" sizes=\"(max-width: 1000px) 100vw, 1000px\" \/>\t\t\t\t\t\t\t\t\t\t\t\t\t\t\t<\/div>\n\t\t\t\t<\/div>\n\t\t\t\t\t<\/div>\n\t\t\t\t<\/div>\n\t\t\t\t<\/div>","protected":false},"excerpt":{"rendered":"<p>Ciberseguridad Home &#8211; Ciberseguridad Ciberseguridad Protecci\u00f3n integral de tu informaci\u00f3n Protegemos los sistemas y datos cr\u00edticos de tu organizaci\u00f3n mediante estrategias de ciberseguridad que previenen riesgos, garantizan continuidad operativa y fortalecen la confianza digital. Seguridad integral Riesgos controlados Estamos listos para ayudarte Hablemos sobre tus retos y encontremos la mejor soluci\u00f3n digital. Contacto Ciberseguridad Beneficios [&hellip;]<\/p>\n","protected":false},"author":1,"featured_media":0,"parent":0,"menu_order":0,"comment_status":"closed","ping_status":"closed","template":"","meta":{"_joinchat":[],"footnotes":""},"class_list":["post-553","page","type-page","status-publish","hentry"],"yoast_head":"<!-- This site is optimized with the Yoast SEO plugin v26.9 - https:\/\/yoast.com\/product\/yoast-seo-wordpress\/ -->\n<title>Ciberseguridad - D&amp;C Solutions<\/title>\n<meta name=\"robots\" content=\"index, follow, max-snippet:-1, max-image-preview:large, max-video-preview:-1\" \/>\n<link rel=\"canonical\" href=\"https:\/\/dyc.hostingpruebaspearl.com\/en\/ciberseguridad\/\" \/>\n<meta property=\"og:locale\" content=\"en_US\" \/>\n<meta property=\"og:type\" content=\"article\" \/>\n<meta property=\"og:title\" content=\"Ciberseguridad - D&amp;C Solutions\" \/>\n<meta property=\"og:description\" content=\"Ciberseguridad Home &#8211; Ciberseguridad Ciberseguridad Protecci\u00f3n integral de tu informaci\u00f3n Protegemos los sistemas y datos cr\u00edticos de tu organizaci\u00f3n mediante estrategias de ciberseguridad que previenen riesgos, garantizan continuidad operativa y fortalecen la confianza digital. Seguridad integral Riesgos controlados Estamos listos para ayudarte Hablemos sobre tus retos y encontremos la mejor soluci\u00f3n digital. Contacto Ciberseguridad Beneficios [&hellip;]\" \/>\n<meta property=\"og:url\" content=\"https:\/\/dyc.hostingpruebaspearl.com\/en\/ciberseguridad\/\" \/>\n<meta property=\"og:site_name\" content=\"D&amp;C Solutions\" \/>\n<meta property=\"article:modified_time\" content=\"2026-02-04T20:00:24+00:00\" \/>\n<meta property=\"og:image\" content=\"https:\/\/dyc.hostingpruebaspearl.com\/wp-content\/uploads\/2026\/02\/465.webp\" \/>\n\t<meta property=\"og:image:width\" content=\"1000\" \/>\n\t<meta property=\"og:image:height\" content=\"1000\" \/>\n\t<meta property=\"og:image:type\" content=\"image\/webp\" \/>\n<meta name=\"twitter:card\" content=\"summary_large_image\" \/>\n<meta name=\"twitter:label1\" content=\"Est. reading time\" \/>\n\t<meta name=\"twitter:data1\" content=\"1 minute\" \/>\n<script type=\"application\/ld+json\" class=\"yoast-schema-graph\">{\"@context\":\"https:\/\/schema.org\",\"@graph\":[{\"@type\":\"WebPage\",\"@id\":\"https:\/\/dyc.hostingpruebaspearl.com\/ciberseguridad\/\",\"url\":\"https:\/\/dyc.hostingpruebaspearl.com\/ciberseguridad\/\",\"name\":\"Ciberseguridad - D&amp;C Solutions\",\"isPartOf\":{\"@id\":\"https:\/\/dyc.hostingpruebaspearl.com\/#website\"},\"primaryImageOfPage\":{\"@id\":\"https:\/\/dyc.hostingpruebaspearl.com\/ciberseguridad\/#primaryimage\"},\"image\":{\"@id\":\"https:\/\/dyc.hostingpruebaspearl.com\/ciberseguridad\/#primaryimage\"},\"thumbnailUrl\":\"https:\/\/dyc.hostingpruebaspearl.com\/wp-content\/uploads\/2026\/02\/465.webp\",\"datePublished\":\"2026-02-04T19:51:20+00:00\",\"dateModified\":\"2026-02-04T20:00:24+00:00\",\"breadcrumb\":{\"@id\":\"https:\/\/dyc.hostingpruebaspearl.com\/ciberseguridad\/#breadcrumb\"},\"inLanguage\":\"en-US\",\"potentialAction\":[{\"@type\":\"ReadAction\",\"target\":[\"https:\/\/dyc.hostingpruebaspearl.com\/ciberseguridad\/\"]}]},{\"@type\":\"ImageObject\",\"inLanguage\":\"en-US\",\"@id\":\"https:\/\/dyc.hostingpruebaspearl.com\/ciberseguridad\/#primaryimage\",\"url\":\"https:\/\/dyc.hostingpruebaspearl.com\/wp-content\/uploads\/2026\/02\/465.webp\",\"contentUrl\":\"https:\/\/dyc.hostingpruebaspearl.com\/wp-content\/uploads\/2026\/02\/465.webp\"},{\"@type\":\"BreadcrumbList\",\"@id\":\"https:\/\/dyc.hostingpruebaspearl.com\/ciberseguridad\/#breadcrumb\",\"itemListElement\":[{\"@type\":\"ListItem\",\"position\":1,\"name\":\"Home\",\"item\":\"https:\/\/dyc.hostingpruebaspearl.com\/\"},{\"@type\":\"ListItem\",\"position\":2,\"name\":\"Ciberseguridad\"}]},{\"@type\":\"WebSite\",\"@id\":\"https:\/\/dyc.hostingpruebaspearl.com\/#website\",\"url\":\"https:\/\/dyc.hostingpruebaspearl.com\/\",\"name\":\"D&amp;C Solutions\",\"description\":\"Consultor\u00eda especializada en transformaci\u00f3n digital\",\"publisher\":{\"@id\":\"https:\/\/dyc.hostingpruebaspearl.com\/#organization\"},\"potentialAction\":[{\"@type\":\"SearchAction\",\"target\":{\"@type\":\"EntryPoint\",\"urlTemplate\":\"https:\/\/dyc.hostingpruebaspearl.com\/?s={search_term_string}\"},\"query-input\":{\"@type\":\"PropertyValueSpecification\",\"valueRequired\":true,\"valueName\":\"search_term_string\"}}],\"inLanguage\":\"en-US\"},{\"@type\":\"Organization\",\"@id\":\"https:\/\/dyc.hostingpruebaspearl.com\/#organization\",\"name\":\"D&amp;C Solutions\",\"url\":\"https:\/\/dyc.hostingpruebaspearl.com\/\",\"logo\":{\"@type\":\"ImageObject\",\"inLanguage\":\"en-US\",\"@id\":\"https:\/\/dyc.hostingpruebaspearl.com\/#\/schema\/logo\/image\/\",\"url\":\"https:\/\/dyc.hostingpruebaspearl.com\/wp-content\/uploads\/2026\/02\/Logo-v2-scaled.webp\",\"contentUrl\":\"https:\/\/dyc.hostingpruebaspearl.com\/wp-content\/uploads\/2026\/02\/Logo-v2-scaled.webp\",\"width\":2560,\"height\":493,\"caption\":\"D&amp;C Solutions\"},\"image\":{\"@id\":\"https:\/\/dyc.hostingpruebaspearl.com\/#\/schema\/logo\/image\/\"}}]}<\/script>\n<!-- \/ Yoast SEO plugin. -->","yoast_head_json":{"title":"Ciberseguridad - D&amp;C Solutions","robots":{"index":"index","follow":"follow","max-snippet":"max-snippet:-1","max-image-preview":"max-image-preview:large","max-video-preview":"max-video-preview:-1"},"canonical":"https:\/\/dyc.hostingpruebaspearl.com\/en\/ciberseguridad\/","og_locale":"en_US","og_type":"article","og_title":"Ciberseguridad - D&amp;C Solutions","og_description":"Ciberseguridad Home &#8211; Ciberseguridad Ciberseguridad Protecci\u00f3n integral de tu informaci\u00f3n Protegemos los sistemas y datos cr\u00edticos de tu organizaci\u00f3n mediante estrategias de ciberseguridad que previenen riesgos, garantizan continuidad operativa y fortalecen la confianza digital. Seguridad integral Riesgos controlados Estamos listos para ayudarte Hablemos sobre tus retos y encontremos la mejor soluci\u00f3n digital. Contacto Ciberseguridad Beneficios [&hellip;]","og_url":"https:\/\/dyc.hostingpruebaspearl.com\/en\/ciberseguridad\/","og_site_name":"D&amp;C Solutions","article_modified_time":"2026-02-04T20:00:24+00:00","og_image":[{"width":1000,"height":1000,"url":"https:\/\/dyc.hostingpruebaspearl.com\/wp-content\/uploads\/2026\/02\/465.webp","type":"image\/webp"}],"twitter_card":"summary_large_image","twitter_misc":{"Est. reading time":"1 minute"},"schema":{"@context":"https:\/\/schema.org","@graph":[{"@type":"WebPage","@id":"https:\/\/dyc.hostingpruebaspearl.com\/ciberseguridad\/","url":"https:\/\/dyc.hostingpruebaspearl.com\/ciberseguridad\/","name":"Ciberseguridad - D&amp;C Solutions","isPartOf":{"@id":"https:\/\/dyc.hostingpruebaspearl.com\/#website"},"primaryImageOfPage":{"@id":"https:\/\/dyc.hostingpruebaspearl.com\/ciberseguridad\/#primaryimage"},"image":{"@id":"https:\/\/dyc.hostingpruebaspearl.com\/ciberseguridad\/#primaryimage"},"thumbnailUrl":"https:\/\/dyc.hostingpruebaspearl.com\/wp-content\/uploads\/2026\/02\/465.webp","datePublished":"2026-02-04T19:51:20+00:00","dateModified":"2026-02-04T20:00:24+00:00","breadcrumb":{"@id":"https:\/\/dyc.hostingpruebaspearl.com\/ciberseguridad\/#breadcrumb"},"inLanguage":"en-US","potentialAction":[{"@type":"ReadAction","target":["https:\/\/dyc.hostingpruebaspearl.com\/ciberseguridad\/"]}]},{"@type":"ImageObject","inLanguage":"en-US","@id":"https:\/\/dyc.hostingpruebaspearl.com\/ciberseguridad\/#primaryimage","url":"https:\/\/dyc.hostingpruebaspearl.com\/wp-content\/uploads\/2026\/02\/465.webp","contentUrl":"https:\/\/dyc.hostingpruebaspearl.com\/wp-content\/uploads\/2026\/02\/465.webp"},{"@type":"BreadcrumbList","@id":"https:\/\/dyc.hostingpruebaspearl.com\/ciberseguridad\/#breadcrumb","itemListElement":[{"@type":"ListItem","position":1,"name":"Home","item":"https:\/\/dyc.hostingpruebaspearl.com\/"},{"@type":"ListItem","position":2,"name":"Ciberseguridad"}]},{"@type":"WebSite","@id":"https:\/\/dyc.hostingpruebaspearl.com\/#website","url":"https:\/\/dyc.hostingpruebaspearl.com\/","name":"D&amp;C Solutions","description":"Consultor\u00eda especializada en transformaci\u00f3n digital","publisher":{"@id":"https:\/\/dyc.hostingpruebaspearl.com\/#organization"},"potentialAction":[{"@type":"SearchAction","target":{"@type":"EntryPoint","urlTemplate":"https:\/\/dyc.hostingpruebaspearl.com\/?s={search_term_string}"},"query-input":{"@type":"PropertyValueSpecification","valueRequired":true,"valueName":"search_term_string"}}],"inLanguage":"en-US"},{"@type":"Organization","@id":"https:\/\/dyc.hostingpruebaspearl.com\/#organization","name":"D&amp;C Solutions","url":"https:\/\/dyc.hostingpruebaspearl.com\/","logo":{"@type":"ImageObject","inLanguage":"en-US","@id":"https:\/\/dyc.hostingpruebaspearl.com\/#\/schema\/logo\/image\/","url":"https:\/\/dyc.hostingpruebaspearl.com\/wp-content\/uploads\/2026\/02\/Logo-v2-scaled.webp","contentUrl":"https:\/\/dyc.hostingpruebaspearl.com\/wp-content\/uploads\/2026\/02\/Logo-v2-scaled.webp","width":2560,"height":493,"caption":"D&amp;C Solutions"},"image":{"@id":"https:\/\/dyc.hostingpruebaspearl.com\/#\/schema\/logo\/image\/"}}]}},"_links":{"self":[{"href":"https:\/\/dyc.hostingpruebaspearl.com\/en\/wp-json\/wp\/v2\/pages\/553","targetHints":{"allow":["GET"]}}],"collection":[{"href":"https:\/\/dyc.hostingpruebaspearl.com\/en\/wp-json\/wp\/v2\/pages"}],"about":[{"href":"https:\/\/dyc.hostingpruebaspearl.com\/en\/wp-json\/wp\/v2\/types\/page"}],"author":[{"embeddable":true,"href":"https:\/\/dyc.hostingpruebaspearl.com\/en\/wp-json\/wp\/v2\/users\/1"}],"replies":[{"embeddable":true,"href":"https:\/\/dyc.hostingpruebaspearl.com\/en\/wp-json\/wp\/v2\/comments?post=553"}],"version-history":[{"count":19,"href":"https:\/\/dyc.hostingpruebaspearl.com\/en\/wp-json\/wp\/v2\/pages\/553\/revisions"}],"predecessor-version":[{"id":669,"href":"https:\/\/dyc.hostingpruebaspearl.com\/en\/wp-json\/wp\/v2\/pages\/553\/revisions\/669"}],"wp:attachment":[{"href":"https:\/\/dyc.hostingpruebaspearl.com\/en\/wp-json\/wp\/v2\/media?parent=553"}],"curies":[{"name":"wp","href":"https:\/\/api.w.org\/{rel}","templated":true}]}}