{"id":729,"date":"2026-02-10T19:22:13","date_gmt":"2026-02-10T19:22:13","guid":{"rendered":"https:\/\/dyc.hostingpruebaspearl.com\/?page_id=729"},"modified":"2026-02-10T20:17:08","modified_gmt":"2026-02-10T20:17:08","slug":"especialidades","status":"publish","type":"page","link":"https:\/\/dyc.hostingpruebaspearl.com\/en\/especialidades\/","title":{"rendered":"Specialties"},"content":{"rendered":"<div data-elementor-type=\"wp-page\" data-elementor-id=\"729\" class=\"elementor elementor-729\" data-elementor-post-type=\"page\">\n\t\t\t\t<div class=\"elementor-element elementor-element-7989d23 e-flex e-con-boxed e-con e-parent\" data-id=\"7989d23\" data-element_type=\"container\" data-e-type=\"container\" data-settings=\"{&quot;background_background&quot;:&quot;classic&quot;}\">\n\t\t\t\t\t<div class=\"e-con-inner\">\n\t\t\t\t<div class=\"elementor-element elementor-element-34f6c1c elementor-widget elementor-widget-heading\" data-id=\"34f6c1c\" data-element_type=\"widget\" data-e-type=\"widget\" data-widget_type=\"heading.default\">\n\t\t\t\t\t<h1 class=\"elementor-heading-title elementor-size-default\">Specialties\n<\/h1>\t\t\t\t<\/div>\n\t\t\t\t<div class=\"elementor-element elementor-element-8d2eb56 elementor-widget elementor-widget-text-editor\" data-id=\"8d2eb56\" data-element_type=\"widget\" data-e-type=\"widget\" data-widget_type=\"text-editor.default\">\n\t\t\t\t\t\t\t\t\t<p>Home - Specialties<\/p>\t\t\t\t\t\t\t\t<\/div>\n\t\t\t\t\t<\/div>\n\t\t\t\t<\/div>\n\t\t<div class=\"elementor-element elementor-element-db31aa1 e-flex e-con-boxed e-con e-parent\" data-id=\"db31aa1\" data-element_type=\"container\" data-e-type=\"container\" data-settings=\"{&quot;background_background&quot;:&quot;video&quot;,&quot;background_video_link&quot;:&quot;https:\\\/\\\/www.youtube.com\\\/watch?v=lTa1f17LQ9Q&quot;}\">\n\t\t\t\t\t<div class=\"e-con-inner\">\n\t\t<div class=\"elementor-background-video-container elementor-hidden-mobile\">\n\t\t\t\t\t\t\t<div class=\"elementor-background-video-embed\" role=\"presentation\"><\/div>\n\t\t\t\t\t\t<\/div>\t\t<div class=\"elementor-element elementor-element-6ae8855 animated-slow elementor-invisible elementor-widget elementor-widget-heading\" data-id=\"6ae8855\" data-element_type=\"widget\" data-e-type=\"widget\" data-settings=\"{&quot;_animation&quot;:&quot;slideInLeft&quot;}\" data-widget_type=\"heading.default\">\n\t\t\t\t\t<h5 class=\"elementor-heading-title elementor-size-default\">Specialties<\/h5>\t\t\t\t<\/div>\n\t\t\t\t<div class=\"elementor-element elementor-element-97f5c70 elementor-widget__width-initial elementor-invisible elementor-widget elementor-widget-heading\" data-id=\"97f5c70\" data-element_type=\"widget\" data-e-type=\"widget\" data-settings=\"{&quot;_animation&quot;:&quot;slideInLeft&quot;}\" data-widget_type=\"heading.default\">\n\t\t\t\t\t<h2 class=\"elementor-heading-title elementor-size-default\">Technological specializations for business challenges<\/h2>\t\t\t\t<\/div>\n\t\t\t\t<div class=\"elementor-element elementor-element-74f6c45 elementor-invisible elementor-widget elementor-widget-text-editor\" data-id=\"74f6c45\" data-element_type=\"widget\" data-e-type=\"widget\" data-settings=\"{&quot;_animation&quot;:&quot;slideInLeft&quot;}\" data-widget_type=\"text-editor.default\">\n\t\t\t\t\t\t\t\t\t<p data-start=\"478\" data-end=\"618\">We integrate specialized knowledge in data, SAP, cloud, automation, security, and development to solve specific business challenges with precise and measurable technological solutions.<\/p>\t\t\t\t\t\t\t\t<\/div>\n\t\t\t\t<div class=\"elementor-element elementor-element-a0dc1bb elementor-widget__width-initial elementor-widget elementor-widget-eael-interactive-circle\" data-id=\"a0dc1bb\" data-element_type=\"widget\" data-e-type=\"widget\" data-widget_type=\"eael-interactive-circle.default\">\n\t\t\t\t\t        <div id=\"eael-interactive-circle-a0dc1bb\" class=\"eael-interactive-circle\" data-tabid=\"a0dc1bb\">\n\t\t\t                <div class=\"eael-circle-wrapper eael-interactive-circle-preset-1 eael-interactive-circle-event-hover eael-circle-responsive-view eael-interactive-circle-rotate pause-rotate\" data-appearance=\"eael-interactive-circle-animation-0\" data-autoplay=\"0\" data-autoplay-interval=\"2000\">\n                    <div class=\"eael-circle-info\" data-items=\"6\">\n                        <div class=\"eael-circle-inner\">\n\t\t\t\t\t\t\t                                <div class=\"eael-circle-item elementor-repeater-item-7c7449a\">\n                                    <div aria-controls=\"eael-interactive-1\" tabindex=\"0\" class=\"eael-circle-btn active\" id=\"eael-circle-item-1\">\n\t\t\t\t\t\t\t\t\t\t\n\t\t\t\t\t\t\t\t\t\t<!-- Start URL support -->\n\t\t\t\t\t\t\t\t\t\t\t\t\t\t\t\t\t\t\t\t\t<a href=\"https:\/\/dyc.hostingpruebaspearl.com\/en\/erp-sap-crm\/\">\n\t\t\t\t\t\t\t\t\t\t\t\t<div class=\"eael-circle-btn-icon\">\n\t\t\t\t\t\t\t\t\t\t\t\t\t<div class=\"eael-circle-icon-inner\">\n\t\t\t\t\t\t\t\t\t\t\t\t\t\t<svg class=\"e-font-icon-svg e-fas-microchip\" viewbox=\"0 0 512 512\" xmlns=\"http:\/\/www.w3.org\/2000\/svg\"><path d=\"M416 48v416c0 26.51-21.49 48-48 48H144c-26.51 0-48-21.49-48-48V48c0-26.51 21.49-48 48-48h224c26.51 0 48 21.49 48 48zm96 58v12a6 6 0 0 1-6 6h-18v6a6 6 0 0 1-6 6h-42V88h42a6 6 0 0 1 6 6v6h18a6 6 0 0 1 6 6zm0 96v12a6 6 0 0 1-6 6h-18v6a6 6 0 0 1-6 6h-42v-48h42a6 6 0 0 1 6 6v6h18a6 6 0 0 1 6 6zm0 96v12a6 6 0 0 1-6 6h-18v6a6 6 0 0 1-6 6h-42v-48h42a6 6 0 0 1 6 6v6h18a6 6 0 0 1 6 6zm0 96v12a6 6 0 0 1-6 6h-18v6a6 6 0 0 1-6 6h-42v-48h42a6 6 0 0 1 6 6v6h18a6 6 0 0 1 6 6zM30 376h42v48H30a6 6 0 0 1-6-6v-6H6a6 6 0 0 1-6-6v-12a6 6 0 0 1 6-6h18v-6a6 6 0 0 1 6-6zm0-96h42v48H30a6 6 0 0 1-6-6v-6H6a6 6 0 0 1-6-6v-12a6 6 0 0 1 6-6h18v-6a6 6 0 0 1 6-6zm0-96h42v48H30a6 6 0 0 1-6-6v-6H6a6 6 0 0 1-6-6v-12a6 6 0 0 1 6-6h18v-6a6 6 0 0 1 6-6zm0-96h42v48H30a6 6 0 0 1-6-6v-6H6a6 6 0 0 1-6-6v-12a6 6 0 0 1 6-6h18v-6a6 6 0 0 1 6-6z\"><\/path><\/svg><span class=\"eael-circle-btn-txt\">ERP, SAP &amp; CRM<\/span>\t\t\t\t\t\t\t\t\t\t\t\t\t<\/div>\n\t\t\t\t\t\t\t\t\t\t\t\t<\/div>\n\t\t\t\t\t\t\t\t\t\t\t<\/a>\n\t\t\t\t\t\t\t\t\t\t\t\t\t\t\t\t\t\t\t\t\t<!-- End URL support -->\n                                        \n                                    <\/div>\n                                    <div id=\"eael-interactive-1\" aria-labelledby=\"eael-circle-item-1\" class=\"eael-circle-btn-content eael-circle-item-1 active\">\n                                        <div class=\"eael-circle-content\">\n\t\t\t\t\t\t\t\t\t\t\t<p>Implementation and integration of business platforms to optimize processes and operations.<\/p>                                        <\/div>\n                                    <\/div>\n                                <\/div>\n\n\t\t\t\t\t\t\t                                <div class=\"eael-circle-item elementor-repeater-item-b40f58e\">\n                                    <div aria-controls=\"eael-interactive-2\" tabindex=\"0\" class=\"eael-circle-btn\" id=\"eael-circle-item-2\">\n\t\t\t\t\t\t\t\t\t\t\n\t\t\t\t\t\t\t\t\t\t<!-- Start URL support -->\n\t\t\t\t\t\t\t\t\t\t\t\t\t\t\t\t\t\t\t\t\t<a href=\"https:\/\/dyc.hostingpruebaspearl.com\/en\/business-intelligence\/\">\n\t\t\t\t\t\t\t\t\t\t\t\t<div class=\"eael-circle-btn-icon\">\n\t\t\t\t\t\t\t\t\t\t\t\t\t<div class=\"eael-circle-icon-inner\">\n\t\t\t\t\t\t\t\t\t\t\t\t\t\t<svg class=\"e-font-icon-svg e-far-chart-bar\" viewbox=\"0 0 512 512\" xmlns=\"http:\/\/www.w3.org\/2000\/svg\"><path d=\"M396.8 352h22.4c6.4 0 12.8-6.4 12.8-12.8V108.8c0-6.4-6.4-12.8-12.8-12.8h-22.4c-6.4 0-12.8 6.4-12.8 12.8v230.4c0 6.4 6.4 12.8 12.8 12.8zm-192 0h22.4c6.4 0 12.8-6.4 12.8-12.8V140.8c0-6.4-6.4-12.8-12.8-12.8h-22.4c-6.4 0-12.8 6.4-12.8 12.8v198.4c0 6.4 6.4 12.8 12.8 12.8zm96 0h22.4c6.4 0 12.8-6.4 12.8-12.8V204.8c0-6.4-6.4-12.8-12.8-12.8h-22.4c-6.4 0-12.8 6.4-12.8 12.8v134.4c0 6.4 6.4 12.8 12.8 12.8zM496 400H48V80c0-8.84-7.16-16-16-16H16C7.16 64 0 71.16 0 80v336c0 17.67 14.33 32 32 32h464c8.84 0 16-7.16 16-16v-16c0-8.84-7.16-16-16-16zm-387.2-48h22.4c6.4 0 12.8-6.4 12.8-12.8v-70.4c0-6.4-6.4-12.8-12.8-12.8h-22.4c-6.4 0-12.8 6.4-12.8 12.8v70.4c0 6.4 6.4 12.8 12.8 12.8z\"><\/path><\/svg><span class=\"eael-circle-btn-txt\">Data Analytics and Business Intelligence<\/span>\t\t\t\t\t\t\t\t\t\t\t\t\t<\/div>\n\t\t\t\t\t\t\t\t\t\t\t\t<\/div>\n\t\t\t\t\t\t\t\t\t\t\t<\/a>\n\t\t\t\t\t\t\t\t\t\t\t\t\t\t\t\t\t\t\t\t\t<!-- End URL support -->\n                                        \n                                    <\/div>\n                                    <div id=\"eael-interactive-2\" aria-labelledby=\"eael-circle-item-2\" class=\"eael-circle-btn-content eael-circle-item-2\">\n                                        <div class=\"eael-circle-content\">\n\t\t\t\t\t\t\t\t\t\t\t<p>We turn data into clear information for better decision-making.<\/p>                                        <\/div>\n                                    <\/div>\n                                <\/div>\n\n\t\t\t\t\t\t\t                                <div class=\"eael-circle-item elementor-repeater-item-343d43f\">\n                                    <div aria-controls=\"eael-interactive-3\" tabindex=\"0\" class=\"eael-circle-btn\" id=\"eael-circle-item-3\">\n\t\t\t\t\t\t\t\t\t\t\n\t\t\t\t\t\t\t\t\t\t<!-- Start URL support -->\n\t\t\t\t\t\t\t\t\t\t\t\t\t\t\t\t\t\t\t\t\t<a href=\"https:\/\/dyc.hostingpruebaspearl.com\/en\/inteligencia-artificial-automatizacion\/\">\n\t\t\t\t\t\t\t\t\t\t\t\t<div class=\"eael-circle-btn-icon\">\n\t\t\t\t\t\t\t\t\t\t\t\t\t<div class=\"eael-circle-icon-inner\">\n\t\t\t\t\t\t\t\t\t\t\t\t\t\t<svg class=\"e-font-icon-svg e-fas-project-diagram\" viewbox=\"0 0 640 512\" xmlns=\"http:\/\/www.w3.org\/2000\/svg\"><path d=\"M384 320H256c-17.67 0-32 14.33-32 32v128c0 17.67 14.33 32 32 32h128c17.67 0 32-14.33 32-32V352c0-17.67-14.33-32-32-32zM192 32c0-17.67-14.33-32-32-32H32C14.33 0 0 14.33 0 32v128c0 17.67 14.33 32 32 32h95.72l73.16 128.04C211.98 300.98 232.4 288 256 288h.28L192 175.51V128h224V64H192V32zM608 0H480c-17.67 0-32 14.33-32 32v128c0 17.67 14.33 32 32 32h128c17.67 0 32-14.33 32-32V32c0-17.67-14.33-32-32-32z\"><\/path><\/svg><span class=\"eael-circle-btn-txt\">Artificial Intelligence and Automation<\/span>\t\t\t\t\t\t\t\t\t\t\t\t\t<\/div>\n\t\t\t\t\t\t\t\t\t\t\t\t<\/div>\n\t\t\t\t\t\t\t\t\t\t\t<\/a>\n\t\t\t\t\t\t\t\t\t\t\t\t\t\t\t\t\t\t\t\t\t<!-- End URL support -->\n                                        \n                                    <\/div>\n                                    <div id=\"eael-interactive-3\" aria-labelledby=\"eael-circle-item-3\" class=\"eael-circle-btn-content eael-circle-item-3\">\n                                        <div class=\"eael-circle-content\">\n\t\t\t\t\t\t\t\t\t\t\t<p>We automate processes with artificial intelligence to improve operational efficiency.<\/p>                                        <\/div>\n                                    <\/div>\n                                <\/div>\n\n\t\t\t\t\t\t\t                                <div class=\"eael-circle-item elementor-repeater-item-25c9719\">\n                                    <div aria-controls=\"eael-interactive-4\" tabindex=\"0\" class=\"eael-circle-btn\" id=\"eael-circle-item-4\">\n\t\t\t\t\t\t\t\t\t\t\n\t\t\t\t\t\t\t\t\t\t<!-- Start URL support -->\n\t\t\t\t\t\t\t\t\t\t\t\t\t\t\t\t\t\t\t\t\t<a href=\"https:\/\/dyc.hostingpruebaspearl.com\/en\/arquitectura-nube-devops\/\">\n\t\t\t\t\t\t\t\t\t\t\t\t<div class=\"eael-circle-btn-icon\">\n\t\t\t\t\t\t\t\t\t\t\t\t\t<div class=\"eael-circle-icon-inner\">\n\t\t\t\t\t\t\t\t\t\t\t\t\t\t<svg class=\"e-font-icon-svg e-fas-cloud-meatball\" viewbox=\"0 0 512 512\" xmlns=\"http:\/\/www.w3.org\/2000\/svg\"><path d=\"M48 352c-26.5 0-48 21.5-48 48s21.5 48 48 48 48-21.5 48-48-21.5-48-48-48zm416 0c-26.5 0-48 21.5-48 48s21.5 48 48 48 48-21.5 48-48-21.5-48-48-48zm-119 11.1c4.6-14.5 1.6-30.8-9.8-42.3-11.5-11.5-27.8-14.4-42.3-9.9-7-13.5-20.7-23-36.9-23s-29.9 9.5-36.9 23c-14.5-4.6-30.8-1.6-42.3 9.9-11.5 11.5-14.4 27.8-9.9 42.3-13.5 7-23 20.7-23 36.9s9.5 29.9 23 36.9c-4.6 14.5-1.6 30.8 9.9 42.3 8.2 8.2 18.9 12.3 29.7 12.3 4.3 0 8.5-1.1 12.6-2.5 7 13.5 20.7 23 36.9 23s29.9-9.5 36.9-23c4.1 1.3 8.3 2.5 12.6 2.5 10.8 0 21.5-4.1 29.7-12.3 11.5-11.5 14.4-27.8 9.8-42.3 13.5-7 23-20.7 23-36.9s-9.5-29.9-23-36.9zM512 224c0-53-43-96-96-96-.6 0-1.1.2-1.6.2 1.1-5.2 1.6-10.6 1.6-16.2 0-44.2-35.8-80-80-80-24.6 0-46.3 11.3-61 28.8C256.4 24.8 219.3 0 176 0 114.1 0 64 50.1 64 112c0 7.3.8 14.3 2.1 21.2C27.8 145.8 0 181.5 0 224c0 53 43 96 96 96h43.4c3.6-8 8.4-15.4 14.8-21.8 13.5-13.5 31.5-21.1 50.8-21.3 13.5-13.2 31.7-20.9 51-20.9s37.5 7.7 51 20.9c19.3.2 37.3 7.8 50.8 21.3 6.4 6.4 11.3 13.8 14.8 21.8H416c53 0 96-43 96-96z\"><\/path><\/svg><span class=\"eael-circle-btn-txt\">Architecture, Cloud and DevOps<\/span>\t\t\t\t\t\t\t\t\t\t\t\t\t<\/div>\n\t\t\t\t\t\t\t\t\t\t\t\t<\/div>\n\t\t\t\t\t\t\t\t\t\t\t<\/a>\n\t\t\t\t\t\t\t\t\t\t\t\t\t\t\t\t\t\t\t\t\t<!-- End URL support -->\n                                        \n                                    <\/div>\n                                    <div id=\"eael-interactive-4\" aria-labelledby=\"eael-circle-item-4\" class=\"eael-circle-btn-content eael-circle-item-4\">\n                                        <div class=\"eael-circle-content\">\n\t\t\t\t\t\t\t\t\t\t\t<p>Cloud architectures and DevOps practices for stable and scalable environments.<\/p>                                        <\/div>\n                                    <\/div>\n                                <\/div>\n\n\t\t\t\t\t\t\t                                <div class=\"eael-circle-item elementor-repeater-item-0f3003c\">\n                                    <div aria-controls=\"eael-interactive-5\" tabindex=\"0\" class=\"eael-circle-btn\" id=\"eael-circle-item-5\">\n\t\t\t\t\t\t\t\t\t\t\n\t\t\t\t\t\t\t\t\t\t<!-- Start URL support -->\n\t\t\t\t\t\t\t\t\t\t\t\t\t\t\t\t\t\t\t\t\t<a href=\"https:\/\/dyc.hostingpruebaspearl.com\/en\/desarrollo-de-software\/\">\n\t\t\t\t\t\t\t\t\t\t\t\t<div class=\"eael-circle-btn-icon\">\n\t\t\t\t\t\t\t\t\t\t\t\t\t<div class=\"eael-circle-icon-inner\">\n\t\t\t\t\t\t\t\t\t\t\t\t\t\t<svg class=\"e-font-icon-svg e-fab-microsoft\" viewbox=\"0 0 448 512\" xmlns=\"http:\/\/www.w3.org\/2000\/svg\"><path d=\"M0 32h214.6v214.6H0V32zm233.4 0H448v214.6H233.4V32zM0 265.4h214.6V480H0V265.4zm233.4 0H448V480H233.4V265.4z\"><\/path><\/svg><span class=\"eael-circle-btn-txt\">Desarrollo de Software<\/span>\t\t\t\t\t\t\t\t\t\t\t\t\t<\/div>\n\t\t\t\t\t\t\t\t\t\t\t\t<\/div>\n\t\t\t\t\t\t\t\t\t\t\t<\/a>\n\t\t\t\t\t\t\t\t\t\t\t\t\t\t\t\t\t\t\t\t\t<!-- End URL support -->\n                                        \n                                    <\/div>\n                                    <div id=\"eael-interactive-5\" aria-labelledby=\"eael-circle-item-5\" class=\"eael-circle-btn-content eael-circle-item-5\">\n                                        <div class=\"eael-circle-content\">\n\t\t\t\t\t\t\t\t\t\t\t<p>Soluciones de software a la medida, seguras y alineadas al negocio.<\/p>                                        <\/div>\n                                    <\/div>\n                                <\/div>\n\n\t\t\t\t\t\t\t                                <div class=\"eael-circle-item elementor-repeater-item-2825f78\">\n                                    <div aria-controls=\"eael-interactive-6\" tabindex=\"0\" class=\"eael-circle-btn\" id=\"eael-circle-item-6\">\n\t\t\t\t\t\t\t\t\t\t\n\t\t\t\t\t\t\t\t\t\t<!-- Start URL support -->\n\t\t\t\t\t\t\t\t\t\t\t\t\t\t\t\t\t\t\t\t\t<a href=\"https:\/\/dyc.hostingpruebaspearl.com\/en\/ciberseguridad\/\">\n\t\t\t\t\t\t\t\t\t\t\t\t<div class=\"eael-circle-btn-icon\">\n\t\t\t\t\t\t\t\t\t\t\t\t\t<div class=\"eael-circle-icon-inner\">\n\t\t\t\t\t\t\t\t\t\t\t\t\t\t<svg class=\"e-font-icon-svg e-fas-user-lock\" viewbox=\"0 0 640 512\" xmlns=\"http:\/\/www.w3.org\/2000\/svg\"><path d=\"M224 256A128 128 0 1 0 96 128a128 128 0 0 0 128 128zm96 64a63.08 63.08 0 0 1 8.1-30.5c-4.8-.5-9.5-1.5-14.5-1.5h-16.7a174.08 174.08 0 0 1-145.8 0h-16.7A134.43 134.43 0 0 0 0 422.4V464a48 48 0 0 0 48 48h280.9a63.54 63.54 0 0 1-8.9-32zm288-32h-32v-80a80 80 0 0 0-160 0v80h-32a32 32 0 0 0-32 32v160a32 32 0 0 0 32 32h224a32 32 0 0 0 32-32V320a32 32 0 0 0-32-32zM496 432a32 32 0 1 1 32-32 32 32 0 0 1-32 32zm32-144h-64v-80a32 32 0 0 1 64 0z\"><\/path><\/svg><span class=\"eael-circle-btn-txt\">Ciberseguridad<\/span>\t\t\t\t\t\t\t\t\t\t\t\t\t<\/div>\n\t\t\t\t\t\t\t\t\t\t\t\t<\/div>\n\t\t\t\t\t\t\t\t\t\t\t<\/a>\n\t\t\t\t\t\t\t\t\t\t\t\t\t\t\t\t\t\t\t\t\t<!-- End URL support -->\n                                        \n                                    <\/div>\n                                    <div id=\"eael-interactive-6\" aria-labelledby=\"eael-circle-item-6\" class=\"eael-circle-btn-content eael-circle-item-6\">\n                                        <div class=\"eael-circle-content\">\n\t\t\t\t\t\t\t\t\t\t\t<p>Estrategias para proteger sistemas, datos e informaci\u00f3n cr\u00edtica.<\/p>                                        <\/div>\n                                    <\/div>\n                                <\/div>\n\n\t\t\t\t\t\t\t\n                        <\/div>\n                    <\/div>\n                <\/div>\n\n\t\t\t\n        <\/div>\n\t\t\t\t\t<\/div>\n\t\t\t\t\t<\/div>\n\t\t\t\t<\/div>\n\t\t\t\t<\/div>","protected":false},"excerpt":{"rendered":"<p>Especialidades Home &#8211; Especialidades Especialidades Especialidades tecnol\u00f3gicas para retos empresariales Integramos conocimiento especializado en datos, SAP, nube, automatizaci\u00f3n, seguridad y desarrollo para resolver desaf\u00edos espec\u00edficos del negocio con soluciones tecnol\u00f3gicas precisas y medibles. ERP, SAP &amp; CRM Implementaci\u00f3n e integraci\u00f3n de plataformas empresariales para optimizar procesos y operaci\u00f3n. Anal\u00edtica de Datos &amp; Business Intelligence Convertimos [&hellip;]<\/p>\n","protected":false},"author":1,"featured_media":0,"parent":0,"menu_order":0,"comment_status":"closed","ping_status":"closed","template":"","meta":{"_joinchat":[],"footnotes":""},"class_list":["post-729","page","type-page","status-publish","hentry"],"yoast_head":"<!-- This site is optimized with the Yoast SEO plugin v26.9 - https:\/\/yoast.com\/product\/yoast-seo-wordpress\/ -->\n<title>Especialidades - D&amp;C Solutions<\/title>\n<meta name=\"robots\" content=\"index, follow, max-snippet:-1, max-image-preview:large, max-video-preview:-1\" \/>\n<link rel=\"canonical\" href=\"https:\/\/dyc.hostingpruebaspearl.com\/en\/especialidades\/\" \/>\n<meta property=\"og:locale\" content=\"en_US\" \/>\n<meta property=\"og:type\" content=\"article\" \/>\n<meta property=\"og:title\" content=\"Especialidades - D&amp;C Solutions\" \/>\n<meta property=\"og:description\" content=\"Especialidades Home &#8211; Especialidades Especialidades Especialidades tecnol\u00f3gicas para retos empresariales Integramos conocimiento especializado en datos, SAP, nube, automatizaci\u00f3n, seguridad y desarrollo para resolver desaf\u00edos espec\u00edficos del negocio con soluciones tecnol\u00f3gicas precisas y medibles. ERP, SAP &amp; CRM Implementaci\u00f3n e integraci\u00f3n de plataformas empresariales para optimizar procesos y operaci\u00f3n. Anal\u00edtica de Datos &amp; Business Intelligence Convertimos [&hellip;]\" \/>\n<meta property=\"og:url\" content=\"https:\/\/dyc.hostingpruebaspearl.com\/en\/especialidades\/\" \/>\n<meta property=\"og:site_name\" content=\"D&amp;C Solutions\" \/>\n<meta property=\"article:modified_time\" content=\"2026-02-10T20:17:08+00:00\" \/>\n<meta name=\"twitter:card\" content=\"summary_large_image\" \/>\n<meta name=\"twitter:label1\" content=\"Est. reading time\" \/>\n\t<meta name=\"twitter:data1\" content=\"1 minute\" \/>\n<script type=\"application\/ld+json\" class=\"yoast-schema-graph\">{\"@context\":\"https:\/\/schema.org\",\"@graph\":[{\"@type\":\"WebPage\",\"@id\":\"https:\/\/dyc.hostingpruebaspearl.com\/especialidades\/\",\"url\":\"https:\/\/dyc.hostingpruebaspearl.com\/especialidades\/\",\"name\":\"Especialidades - D&amp;C Solutions\",\"isPartOf\":{\"@id\":\"https:\/\/dyc.hostingpruebaspearl.com\/#website\"},\"datePublished\":\"2026-02-10T19:22:13+00:00\",\"dateModified\":\"2026-02-10T20:17:08+00:00\",\"breadcrumb\":{\"@id\":\"https:\/\/dyc.hostingpruebaspearl.com\/especialidades\/#breadcrumb\"},\"inLanguage\":\"en-US\",\"potentialAction\":[{\"@type\":\"ReadAction\",\"target\":[\"https:\/\/dyc.hostingpruebaspearl.com\/especialidades\/\"]}]},{\"@type\":\"BreadcrumbList\",\"@id\":\"https:\/\/dyc.hostingpruebaspearl.com\/especialidades\/#breadcrumb\",\"itemListElement\":[{\"@type\":\"ListItem\",\"position\":1,\"name\":\"Home\",\"item\":\"https:\/\/dyc.hostingpruebaspearl.com\/\"},{\"@type\":\"ListItem\",\"position\":2,\"name\":\"Especialidades\"}]},{\"@type\":\"WebSite\",\"@id\":\"https:\/\/dyc.hostingpruebaspearl.com\/#website\",\"url\":\"https:\/\/dyc.hostingpruebaspearl.com\/\",\"name\":\"D&amp;C Solutions\",\"description\":\"Consultor\u00eda especializada en transformaci\u00f3n digital\",\"publisher\":{\"@id\":\"https:\/\/dyc.hostingpruebaspearl.com\/#organization\"},\"potentialAction\":[{\"@type\":\"SearchAction\",\"target\":{\"@type\":\"EntryPoint\",\"urlTemplate\":\"https:\/\/dyc.hostingpruebaspearl.com\/?s={search_term_string}\"},\"query-input\":{\"@type\":\"PropertyValueSpecification\",\"valueRequired\":true,\"valueName\":\"search_term_string\"}}],\"inLanguage\":\"en-US\"},{\"@type\":\"Organization\",\"@id\":\"https:\/\/dyc.hostingpruebaspearl.com\/#organization\",\"name\":\"D&amp;C Solutions\",\"url\":\"https:\/\/dyc.hostingpruebaspearl.com\/\",\"logo\":{\"@type\":\"ImageObject\",\"inLanguage\":\"en-US\",\"@id\":\"https:\/\/dyc.hostingpruebaspearl.com\/#\/schema\/logo\/image\/\",\"url\":\"https:\/\/dyc.hostingpruebaspearl.com\/wp-content\/uploads\/2026\/02\/Logo-v2-scaled.webp\",\"contentUrl\":\"https:\/\/dyc.hostingpruebaspearl.com\/wp-content\/uploads\/2026\/02\/Logo-v2-scaled.webp\",\"width\":2560,\"height\":493,\"caption\":\"D&amp;C Solutions\"},\"image\":{\"@id\":\"https:\/\/dyc.hostingpruebaspearl.com\/#\/schema\/logo\/image\/\"}}]}<\/script>\n<!-- \/ Yoast SEO plugin. -->","yoast_head_json":{"title":"Especialidades - D&amp;C Solutions","robots":{"index":"index","follow":"follow","max-snippet":"max-snippet:-1","max-image-preview":"max-image-preview:large","max-video-preview":"max-video-preview:-1"},"canonical":"https:\/\/dyc.hostingpruebaspearl.com\/en\/especialidades\/","og_locale":"en_US","og_type":"article","og_title":"Especialidades - D&amp;C Solutions","og_description":"Especialidades Home &#8211; Especialidades Especialidades Especialidades tecnol\u00f3gicas para retos empresariales Integramos conocimiento especializado en datos, SAP, nube, automatizaci\u00f3n, seguridad y desarrollo para resolver desaf\u00edos espec\u00edficos del negocio con soluciones tecnol\u00f3gicas precisas y medibles. ERP, SAP &amp; CRM Implementaci\u00f3n e integraci\u00f3n de plataformas empresariales para optimizar procesos y operaci\u00f3n. Anal\u00edtica de Datos &amp; Business Intelligence Convertimos [&hellip;]","og_url":"https:\/\/dyc.hostingpruebaspearl.com\/en\/especialidades\/","og_site_name":"D&amp;C Solutions","article_modified_time":"2026-02-10T20:17:08+00:00","twitter_card":"summary_large_image","twitter_misc":{"Est. reading time":"1 minute"},"schema":{"@context":"https:\/\/schema.org","@graph":[{"@type":"WebPage","@id":"https:\/\/dyc.hostingpruebaspearl.com\/especialidades\/","url":"https:\/\/dyc.hostingpruebaspearl.com\/especialidades\/","name":"Especialidades - D&amp;C Solutions","isPartOf":{"@id":"https:\/\/dyc.hostingpruebaspearl.com\/#website"},"datePublished":"2026-02-10T19:22:13+00:00","dateModified":"2026-02-10T20:17:08+00:00","breadcrumb":{"@id":"https:\/\/dyc.hostingpruebaspearl.com\/especialidades\/#breadcrumb"},"inLanguage":"en-US","potentialAction":[{"@type":"ReadAction","target":["https:\/\/dyc.hostingpruebaspearl.com\/especialidades\/"]}]},{"@type":"BreadcrumbList","@id":"https:\/\/dyc.hostingpruebaspearl.com\/especialidades\/#breadcrumb","itemListElement":[{"@type":"ListItem","position":1,"name":"Home","item":"https:\/\/dyc.hostingpruebaspearl.com\/"},{"@type":"ListItem","position":2,"name":"Especialidades"}]},{"@type":"WebSite","@id":"https:\/\/dyc.hostingpruebaspearl.com\/#website","url":"https:\/\/dyc.hostingpruebaspearl.com\/","name":"D&amp;C Solutions","description":"Consultor\u00eda especializada en transformaci\u00f3n digital","publisher":{"@id":"https:\/\/dyc.hostingpruebaspearl.com\/#organization"},"potentialAction":[{"@type":"SearchAction","target":{"@type":"EntryPoint","urlTemplate":"https:\/\/dyc.hostingpruebaspearl.com\/?s={search_term_string}"},"query-input":{"@type":"PropertyValueSpecification","valueRequired":true,"valueName":"search_term_string"}}],"inLanguage":"en-US"},{"@type":"Organization","@id":"https:\/\/dyc.hostingpruebaspearl.com\/#organization","name":"D&amp;C Solutions","url":"https:\/\/dyc.hostingpruebaspearl.com\/","logo":{"@type":"ImageObject","inLanguage":"en-US","@id":"https:\/\/dyc.hostingpruebaspearl.com\/#\/schema\/logo\/image\/","url":"https:\/\/dyc.hostingpruebaspearl.com\/wp-content\/uploads\/2026\/02\/Logo-v2-scaled.webp","contentUrl":"https:\/\/dyc.hostingpruebaspearl.com\/wp-content\/uploads\/2026\/02\/Logo-v2-scaled.webp","width":2560,"height":493,"caption":"D&amp;C Solutions"},"image":{"@id":"https:\/\/dyc.hostingpruebaspearl.com\/#\/schema\/logo\/image\/"}}]}},"_links":{"self":[{"href":"https:\/\/dyc.hostingpruebaspearl.com\/en\/wp-json\/wp\/v2\/pages\/729","targetHints":{"allow":["GET"]}}],"collection":[{"href":"https:\/\/dyc.hostingpruebaspearl.com\/en\/wp-json\/wp\/v2\/pages"}],"about":[{"href":"https:\/\/dyc.hostingpruebaspearl.com\/en\/wp-json\/wp\/v2\/types\/page"}],"author":[{"embeddable":true,"href":"https:\/\/dyc.hostingpruebaspearl.com\/en\/wp-json\/wp\/v2\/users\/1"}],"replies":[{"embeddable":true,"href":"https:\/\/dyc.hostingpruebaspearl.com\/en\/wp-json\/wp\/v2\/comments?post=729"}],"version-history":[{"count":22,"href":"https:\/\/dyc.hostingpruebaspearl.com\/en\/wp-json\/wp\/v2\/pages\/729\/revisions"}],"predecessor-version":[{"id":786,"href":"https:\/\/dyc.hostingpruebaspearl.com\/en\/wp-json\/wp\/v2\/pages\/729\/revisions\/786"}],"wp:attachment":[{"href":"https:\/\/dyc.hostingpruebaspearl.com\/en\/wp-json\/wp\/v2\/media?parent=729"}],"curies":[{"name":"wp","href":"https:\/\/api.w.org\/{rel}","templated":true}]}}